{"id":3327,"date":"2015-05-17T15:46:41","date_gmt":"2015-05-17T15:46:41","guid":{"rendered":"https:\/\/www.alimentacionselecta.com\/condiciones\/"},"modified":"2026-02-20T18:45:56","modified_gmt":"2026-02-20T16:45:56","slug":"condiciones","status":"publish","type":"page","link":"https:\/\/www.alimentacionselecta.com\/fr\/condiciones\/","title":{"rendered":"Conditions"},"content":{"rendered":"<div class=\"wpb-content-wrapper\"><p>[vc_row full_width=&#8221;1&#8243; color_scheme=&#8221;dark&#8221; parallax=&#8221;1&#8243; css_outer=&#8221;.vc_custom_1489341335325{background-image: url(https:\/\/www.alimentacionselecta.com\/wp-content\/uploads\/2015\/05\/parallax-condiciones.jpg?id=680) !important;}&#8221;][vc_column width=&#8221;1\/3&#8243;]<div class=\"ult-spacer spacer-69d4eaa62897a\" data-id=\"69d4eaa62897a\" data-height=\"100\" data-height-mobile=\"100\" data-height-tab=\"100\" data-height-tab-portrait=\"\" data-height-mobile-landscape=\"\" style=\"clear:both;display:block;\"><\/div>[vc_column_text]<\/p>\n<h2 style=\"color: #fff; text-align: center; font-size: 24px;\">Conditions g\u00e9n\u00e9rales Alimentaci\u00f3n Selecta<\/h2>\n<p>[\/vc_column_text]<div class=\"ult-spacer spacer-69d4eaa6289f2\" data-id=\"69d4eaa6289f2\" data-height=\"100\" data-height-mobile=\"100\" data-height-tab=\"100\" data-height-tab-portrait=\"\" data-height-mobile-landscape=\"\" style=\"clear:both;display:block;\"><\/div>[\/vc_column][vc_column width=&#8221;2\/3&#8243;][\/vc_column][\/vc_row][vc_row][vc_column]<div id=\"ultimate-heading-724069d4eaa628a96\" class=\"uvc-heading ult-adjust-bottom-margin ultimate-heading-724069d4eaa628a96 uvc-6893 \" data-hspacer=\"line_only\"  data-halign=\"left\" style=\"text-align:left\"><div class=\"uvc-main-heading ult-responsive\"  data-ultimate-target='.uvc-heading.ultimate-heading-724069d4eaa628a96 h3'  data-responsive-json-new='{\"font-size\":\"desktop:19px;\",\"line-height\":\"\"}' ><h3 style=\"font-weight:normal;color:#e7bc5a;margin-top:20px;\">Politique de confidentialit\u00e9<\/h3><\/div><div class=\"uvc-heading-spacer line_only\" style=\"topheight:4px;\"><span class=\"uvc-headings-line\" style=\"border-style:solid;border-bottom-width:4px;border-color:#e7bc5a;width:autopx;\"><\/span><\/div><div class=\"uvc-sub-heading ult-responsive\"  data-ultimate-target='.uvc-heading.ultimate-heading-724069d4eaa628a96 .uvc-sub-heading '  data-responsive-json-new='{\"font-size\":\"desktop:18px;\",\"line-height\":\"\"}'  style=\"font-weight:normal;\"><\/p>\n<div><span class=\"s1\">Alimentaci\u00f3n Selecta s\u2019occupera tout particuli\u00e8rement de supprimer toutes les adresses e\u2011mail personnelles que vous nous indiquerez conform\u00e9ment \u00e0 la loi sur la protection des donn\u00e9es.<\/span><\/div>\n<div><span class=\"s1\">Pour ce faire, il vous suffit de nous le signaler en r\u00e9ponse \u00e0 cet e\u2011mail et nous proc\u00e9derons imm\u00e9diatement \u00e0 leur suppression.<\/span><\/div>\n<p style=\"text-align: justify;\"><span class=\"s3\"><span class=\"s3\"><span class=\"s3\"><span id=\"contenido\"><\/span><br \/>\n<\/span><\/span><\/span><\/p>\n<p><\/div><\/div>[\/vc_column][\/vc_row][vc_row][vc_column]<div id=\"ultimate-heading-512069d4eaa628b5e\" class=\"uvc-heading ult-adjust-bottom-margin ultimate-heading-512069d4eaa628b5e uvc-895 \" data-hspacer=\"line_only\"  data-halign=\"left\" style=\"text-align:left\"><div class=\"uvc-main-heading ult-responsive\"  data-ultimate-target='.uvc-heading.ultimate-heading-512069d4eaa628b5e h4'  data-responsive-json-new='{\"font-size\":\"desktop:19px;\",\"line-height\":\"\"}' ><h4 style=\"font-weight:normal;color:#e7bc5a;margin-top:20px;\">Mentions l\u00e9gales<\/h4><\/div><div class=\"uvc-heading-spacer line_only\" style=\"topheight:4px;\"><span class=\"uvc-headings-line\" style=\"border-style:solid;border-bottom-width:4px;border-color:#e7bc5a;width:autopx;\"><\/span><\/div><div class=\"uvc-sub-heading ult-responsive\"  data-ultimate-target='.uvc-heading.ultimate-heading-512069d4eaa628b5e .uvc-sub-heading '  data-responsive-json-new='{\"font-size\":\"desktop:18px;\",\"line-height\":\"\"}'  style=\"font-weight:normal;\"><\/p>\n<div><span class=\"w\">Tous les prix affich\u00e9s s\u2019entendent TVA comprise et sont valables (sauf erreur d\u2019impression) jusqu\u2019\u00e0 \u00e9puisement des stocks ou des mati\u00e8res premi\u00e8res pour la p\u00e9ninsule espagnole.<\/span><\/div>\n<div><span class=\"w\">Tous les envois sont assur\u00e9s par l\u2019entreprise de transport correspondante, mais en cas d\u2019anomalie constat\u00e9e, il est obligatoire de la signaler soit directement sur le bon de livraison du transporteur et de nous en informer ensuite, soit dans les 24 heures suivant la r\u00e9ception.<\/span><\/div>\n<div><span class=\"w\">AU-DEL\u00c0 DE CE D\u00c9LAI DE 24 H, L\u2019ENTREPRISE DE TRANSPORT NE PEUT \u00caTRE TENUE RESPONSABLE DE CE QUI S\u2019EST PASS\u00c9.<\/span><\/div>\n<p>&nbsp;<\/p>\n<p><\/div><\/div>[\/vc_column][\/vc_row]<!--more--><\/p>\n<\/div>","protected":false},"excerpt":{"rendered":"<p>[vc_row full_width=&#8221;1&#8243; color_scheme=&#8221;dark&#8221; parallax=&#8221;1&#8243; css_outer=&#8221;.vc_custom_1489341335325{background-image: url(https:\/\/www.alimentacionselecta.com\/wp-content\/uploads\/2015\/05\/parallax-condiciones.jpg?id=680) !important;}&#8221;][vc_column width=&#8221;1\/3&#8243;][vc_column_text] Conditions g\u00e9n\u00e9rales Alimentaci\u00f3n Selecta [\/vc_column_text][\/vc_column][vc_column width=&#8221;2\/3&#8243;][\/vc_column][\/vc_row][vc_row][vc_column][\/vc_column][\/vc_row][vc_row][vc_column][\/vc_column][\/vc_row]<\/p>\n","protected":false},"author":1,"featured_media":0,"parent":0,"menu_order":0,"comment_status":"open","ping_status":"open","template":"","meta":{"footnotes":""},"class_list":["post-3327","page","type-page","status-publish","hentry"],"_links":{"self":[{"href":"https:\/\/www.alimentacionselecta.com\/fr\/wp-json\/wp\/v2\/pages\/3327","targetHints":{"allow":["GET"]}}],"collection":[{"href":"https:\/\/www.alimentacionselecta.com\/fr\/wp-json\/wp\/v2\/pages"}],"about":[{"href":"https:\/\/www.alimentacionselecta.com\/fr\/wp-json\/wp\/v2\/types\/page"}],"author":[{"embeddable":true,"href":"https:\/\/www.alimentacionselecta.com\/fr\/wp-json\/wp\/v2\/users\/1"}],"replies":[{"embeddable":true,"href":"https:\/\/www.alimentacionselecta.com\/fr\/wp-json\/wp\/v2\/comments?post=3327"}],"version-history":[{"count":7,"href":"https:\/\/www.alimentacionselecta.com\/fr\/wp-json\/wp\/v2\/pages\/3327\/revisions"}],"predecessor-version":[{"id":7066,"href":"https:\/\/www.alimentacionselecta.com\/fr\/wp-json\/wp\/v2\/pages\/3327\/revisions\/7066"}],"wp:attachment":[{"href":"https:\/\/www.alimentacionselecta.com\/fr\/wp-json\/wp\/v2\/media?parent=3327"}],"curies":[{"name":"wp","href":"https:\/\/api.w.org\/{rel}","templated":true}]}}