{"id":3322,"date":"2015-05-17T15:36:45","date_gmt":"2015-05-17T15:36:45","guid":{"rendered":"https:\/\/www.alimentacionselecta.com\/quienes-somos\/"},"modified":"2026-02-20T14:59:40","modified_gmt":"2026-02-20T12:59:40","slug":"quienes-somos","status":"publish","type":"page","link":"https:\/\/www.alimentacionselecta.com\/fr\/quienes-somos\/","title":{"rendered":"Qui sommes-nous"},"content":{"rendered":"<div class=\"wpb-content-wrapper\"><p>[vc_row full_width=&#8221;1&#8243; color_scheme=&#8221;light&#8221; parallax=&#8221;1&#8243; css_outer=&#8221;.vc_custom_1489341225142{background-image: url(https:\/\/www.alimentacionselecta.com\/wp-content\/uploads\/2015\/08\/parallax-alimentacion-selecta.jpg?id=664) !important;}&#8221;][vc_column width=&#8221;1\/3&#8243;][vc_column_text]<\/p>\n<h2 style=\"color: #fff; text-align: center; font-size: 24px;\">BOUTIQUE EN LIGNE DE CONSERVES. LIVRAISON GRATUITE D\u00c8S 60\u20ac de commande<br \/>\npour toute destination dans la p\u00e9ninsule espagnole.<br \/>\nSERVICE 24h INCLUS.<\/h2>\n<p>[\/vc_column_text][\/vc_column][vc_column width=&#8221;2\/3&#8243;][\/vc_column][\/vc_row][vc_row][vc_column][vc_column_text]<\/p>\n<p style=\"text-align: justify; font-size: 18px;\">Bienvenue sur le nouveau site d\u2019Alimentacion Selecta, votre boutique en ligne de conserves sp\u00e9cialis\u00e9e dans les <strong>PRODUITS GOURMET OU PRODUITS D\u00c9LICATESSEN 100% ARTISANAUX<\/strong>. Vous y trouverez une grande vari\u00e9t\u00e9 d\u2019aliments s\u00e9lectionn\u00e9s ainsi qu\u2019une s\u00e9lection vari\u00e9e de vins et liqueurs nationaux, o\u00f9 le plus important dans chaque commande, c\u2019est vous. Dans notre boutique en ligne de conserves gourmet, nous garantissons la qualit\u00e9 de tous nos produits. Parole&nbsp;!<\/p>\n<p>[\/vc_column_text][\/vc_column][\/vc_row][vc_row][vc_column]<div id=\"ultimate-heading-832269f8629fa0218\" class=\"uvc-heading ult-adjust-bottom-margin ultimate-heading-832269f8629fa0218 uvc-7651 \" data-hspacer=\"line_only\"  data-halign=\"left\" style=\"text-align:left\"><div class=\"uvc-main-heading ult-responsive\"  data-ultimate-target='.uvc-heading.ultimate-heading-832269f8629fa0218 h3'  data-responsive-json-new='{\"font-size\":\"desktop:19px;\",\"line-height\":\"\"}' ><h3 style=\"font-weight:normal;color:#e7bc5a;margin-top:20px;\">Nous livrons des produits tout au long de l\u2019ann\u00e9e<\/h3><\/div><div class=\"uvc-heading-spacer line_only\" style=\"topheight:4px;\"><span class=\"uvc-headings-line\" style=\"border-style:solid;border-bottom-width:4px;border-color:#e7bc5a;width:autopx;\"><\/span><\/div><div class=\"uvc-sub-heading ult-responsive\"  data-ultimate-target='.uvc-heading.ultimate-heading-832269f8629fa0218 .uvc-sub-heading '  data-responsive-json-new='{\"font-size\":\"desktop:18px;\",\"line-height\":\"\"}'  style=\"font-weight:normal;\"><\/p>\n<p style=\"text-align: justify;\"><span class=\"s3\">E<\/span><span class=\"s3\"><span class=\"s3\"><span class=\"s3\">n No\u00ebl, nous vous rappelons de d\u00e9couvrir nos originales PANIERS DE NO\u00cbL, les seuls dans lesquels vous pouvez changer les produits et ajuster le prix final de chaque mod\u00e8le propos\u00e9 \u00e0 vos besoins r\u00e9els \u00ab&nbsp;centime par centime&nbsp;\u00bb. <\/span><span class=\"s3\">Nous pouvons cr\u00e9er autant de mod\u00e8les de paniers que vous le souhaitez, qu\u2019ils soient destin\u00e9s \u00e0 des clients, fournisseurs, amis, employ\u00e9s, etc.<\/span><\/span><\/span><\/p>\n<p><\/div><\/div>[\/vc_column][\/vc_row][vc_row][vc_column]<div id=\"ultimate-heading-334569f8629fa02fe\" class=\"uvc-heading ult-adjust-bottom-margin ultimate-heading-334569f8629fa02fe uvc-1209 \" data-hspacer=\"line_only\"  data-halign=\"left\" style=\"text-align:left\"><div class=\"uvc-main-heading ult-responsive\"  data-ultimate-target='.uvc-heading.ultimate-heading-334569f8629fa02fe h4'  data-responsive-json-new='{\"font-size\":\"desktop:19px;\",\"line-height\":\"\"}' ><h4 style=\"font-weight:normal;color:#e7bc5a;margin-top:20px;\">N\u2019oubliez pas&amp;nbsp;:<\/h4><\/div><div class=\"uvc-heading-spacer line_only\" style=\"topheight:4px;\"><span class=\"uvc-headings-line\" style=\"border-style:solid;border-bottom-width:4px;border-color:#e7bc5a;width:autopx;\"><\/span><\/div><div class=\"uvc-sub-heading ult-responsive\"  data-ultimate-target='.uvc-heading.ultimate-heading-334569f8629fa02fe .uvc-sub-heading '  data-responsive-json-new='{\"font-size\":\"desktop:18px;\",\"line-height\":\"\"}'  style=\"font-weight:normal;\"><\/p>\n<p style=\"text-align: justify;\"><strong><span style=\"color: #6bb7c6;\">LIVRAISON GRATUITE D\u00c8S 60\u20ac d\u2019achat total.<\/span><\/strong><\/p>\n<p style=\"text-align: justify;\"><span class=\"s3\">Sans frais de paiement \u00e0 la livraison POUR TOUTE LA P\u00c9NINSULE.<\/span><\/p>\n<p style=\"text-align: justify;\"><span class=\"s3\">&#8230;et si vous le souhaitez, nous pouvons PERSONNALISER presque tous nos produits afin qu\u2019ils puissent \u00eatre utilis\u00e9s comme cadeaux d\u2019entreprise, associations&#8230;, etc. CONSULTEZ LES POSSIBILIT\u00c9S<\/span><\/p>\n<p><\/div><\/div>[\/vc_column][\/vc_row][vc_row full_width=&#8221;1&#8243; color_scheme=&#8221;light&#8221; parallax=&#8221;1&#8243; css_outer=&#8221;.vc_custom_1489341253200{background-image: url(https:\/\/www.alimentacionselecta.com\/wp-content\/uploads\/2015\/08\/parallax-alimentacion-selecta.jpg?id=664) !important;}&#8221;][vc_column width=&#8221;1\/3&#8243;][vc_column_text]<\/p>\n<p style=\"color: #fff; text-align: center; font-size: 20px;\">Vous pouvez nous contacter sans interruption<\/p>\n<p style=\"color: #fff; text-align: center; font-size: 20px;\">Du lundi au vendredi<\/p>\n<p style=\"color: #fff; text-align: center; font-size: 20px;\">DE 09:00 \u00c0 21:00<\/p>\n<p style=\"color: #fff; text-align: center; font-size: 20px;\">T\u00e9l.&nbsp;: 942 66 27 51 et 649 679 719<\/p>\n<p style=\"color: #fff; text-align: center; font-size: 20px;\">Attn.&nbsp;Rosa<\/p>\n<p style=\"color: #fff; text-align: center; font-size: 20px;\">Et notre service, comme toujours, aussi personnalis\u00e9 que vous le m\u00e9ritez.<\/p>\n<p><a class=\"button filled\" style=\"display: block !important;\" href=\"https:\/\/www.alimentacionselecta.com\/contacto\/\">Contactez-nous<\/a>[\/vc_column_text][\/vc_column][vc_column width=&#8221;2\/3&#8243;][\/vc_column][\/vc_row][vc_row][vc_column]<div id=\"ultimate-heading-290469f8629fa03ac\" class=\"uvc-heading ult-adjust-bottom-margin ultimate-heading-290469f8629fa03ac uvc-1755 \" data-hspacer=\"line_only\"  data-halign=\"left\" style=\"text-align:left\"><div class=\"uvc-main-heading ult-responsive\"  data-ultimate-target='.uvc-heading.ultimate-heading-290469f8629fa03ac h4'  data-responsive-json-new='{\"font-size\":\"desktop:19px;\",\"line-height\":\"\"}' ><h4 style=\"font-weight:normal;color:#e7bc5a;margin-top:20px;\">O\u00f9 nous trouver<\/h4><\/div><div class=\"uvc-heading-spacer line_only\" style=\"margin-bottom:20px;height:4px;\"><span class=\"uvc-headings-line\" style=\"border-style:solid;border-bottom-width:4px;border-color:#e7bc5a;width:autopx;\"><\/span><\/div><\/div><div id='wrap_map_69f8629fa0ae2' class='ultimate-map-wrapper ult-adjust-bottom-margin ' style=' height:300px;'><div id='map_69f8629fa0ae2' data-map_override='0' class='ultimate_google_map wpb_content_element 0' style='width:100%;height:300px;'><\/div><\/div><script type='text\/javascript'>\n\t\t\t(function($) {\n  \t\t\t'use strict';\n\t\t\tvar map_map_69f8629fa0ae2 = null;\n\t\t\tvar coordinate_map_69f8629fa0ae2;\n\t\t\tvar isDraggable = $(document).width() > 641 ? 'true' : 'true';\n\t\t\ttry\n\t\t\t{\n\t\t\t\tvar map_map_69f8629fa0ae2 = null;\n\t\t\t\tvar coordinate_map_69f8629fa0ae2;\n\t\t\t\tcoordinate_map_69f8629fa0ae2 = new google.maps.LatLng(43.432388, -3.82924);\n\t\t\t\tvar mapOptions=\n\t\t\t\t{\n\t\t\t\t\tzoom: 16,\n\t\t\t\t\tcenter: coordinate_map_69f8629fa0ae2,\n\t\t\t\t\tscaleControl: true,\n\t\t\t\t\tstreetViewControl: false,\n\t\t\t\t\tmapTypeControl: false,\n\t\t\t\t\tpanControl: false,\n\t\t\t\t\tzoomControl: false,\n\t\t\t\t\tscrollwheel: true,\n\t\t\t\t\tdraggable: isDraggable,\n\t\t\t\t\tzoomControlOptions: {\n\t\t\t\t\t\tposition: google.maps.ControlPosition.right_bottom\n\t\t\t\t\t},mapTypeId: google.maps.MapTypeId.roadmap,};var map_map_69f8629fa0ae2 = new google.maps.Map(document.getElementById('map_69f8629fa0ae2'),mapOptions);\n\t\t\t\t\t\tvar x = 'infowindow_open_value';\n\t\t\t\t\t\tvar marker_map_69f8629fa0ae2 = new google.maps.Marker({\n\t\t\t\t\t\tposition: new google.maps.LatLng('43.432388', '-3.82924'),\n\t\t\t\t\t\tanimation:  google.maps.Animation.DROP,\n\t\t\t\t\t\tmap: map_map_69f8629fa0ae2,\n\t\t\t\t\t\ticon: 'https:\/\/www.alimentacionselecta.com\/wp-content\/uploads\/2015\/05\/icono-geo.png'\n\t\t\t\t\t});\tgoogle.maps.event.addListener(marker_map_69f8629fa0ae2, 'click', toggleBounce);var infowindow = new google.maps.InfoWindow();\n\t\t\t\t\t\t\tinfowindow.setContent('<div class=\"map_info_text\" style=\\'color:#000;\\'><strong>Alimentaci\u00f3n Selecta<\/strong><\/p> <p><span class=\"texto_negro\">Pol\u00edgono de Raos, nave 33<\/span><\/p> <p>39600 &#8211; Santander (Espagne)<\/p> <p>T\u00e9l.&nbsp;: <span class=\"texto_negro\">649 679 719 (Attn.&nbsp;Rosa)<\/span><\/p> <p>E-mail&nbsp;: <span class=\"texto_negro\">pedidos@alimentacionselecta .com<\/span><\/div>');google.maps.event.addListener(marker_map_69f8629fa0ae2, 'click', function() {\n\t\t\t\t\t\t\t\tinfowindow.open(map_map_69f8629fa0ae2,marker_map_69f8629fa0ae2);\n\t\t\t\t\t\t  \t});}\n\t\t\tcatch(e){};\n\t\t\tjQuery(document).ready(function($){\n\t\t\t\tgoogle.maps.event.trigger(map_map_69f8629fa0ae2, 'resize');\n\t\t\t\t$(window).on('resize', function(){\n\t\t\t\t\tgoogle.maps.event.trigger(map_map_69f8629fa0ae2, 'resize');\n\t\t\t\t\tif(map_map_69f8629fa0ae2!=null)\n\t\t\t\t\t\tmap_map_69f8629fa0ae2.setCenter(coordinate_map_69f8629fa0ae2);\n\t\t\t\t});\n\t\t\t\t$('.ui-tabs').on('tabsactivate', function(event, ui) {\n\t\t\t\t   if($(this).find('.ultimate-map-wrapper').length > 0)\n\t\t\t\t\t{\n\t\t\t\t\t\tsetTimeout(function(){\n\t\t\t\t\t\t\t$(window).trigger('resize');\n\t\t\t\t\t\t},200);\n\t\t\t\t\t}\n\t\t\t\t});\n\t\t\t\t$('.ui-accordion').on('accordionactivate', function(event, ui) {\n\t\t\t\t   if($(this).find('.ultimate-map-wrapper').length > 0)\n\t\t\t\t\t{\n\t\t\t\t\t\tsetTimeout(function(){\n\t\t\t\t\t\t\t$(window).trigger('resize');\n\t\t\t\t\t\t},200);\n\t\t\t\t\t}\n\t\t\t\t});\n\t\t\t\t$(window).on('load',function(){\n\t\t\t\t\tsetTimeout(function(){\n\t\t\t\t\t\t$(window).trigger('resize');\n\t\t\t\t\t},200);\n\t\t\t\t});\n\t\t\t\t$('.ult_exp_section').on('select', function(){\n\t\t\t\t\tif($(map_map_69f8629fa0ae2).parents('.ult_exp_section'))\n\t\t\t\t\t{\n\t\t\t\t\t\tsetTimeout(function(){\n\t\t\t\t\t\t\t$(window).trigger('resize');\n\t\t\t\t\t\t},200);\n\t\t\t\t\t}\n\t\t\t\t});\n\t\t\t\t$(document).on('onUVCModalPopupOpen', function(){\n\t\t\t\t\tif($(map_map_69f8629fa0ae2).parents('.ult_modal-content'))\n\t\t\t\t\t{\n\t\t\t\t\t\tsetTimeout(function(){\n\t\t\t\t\t\t\t$(window).trigger('resize');\n\t\t\t\t\t\t},200);\n\t\t\t\t\t}\n\t\t\t\t});\n\t\t\t\t$(document).on('click','.ult_tab_li',function(){\n\t\t\t\t\t$(window).trigger('resize');\n\t\t\t\t\tsetTimeout(function(){\n\t\t\t\t\t\t$(window).trigger('resize');\n\t\t\t\t\t},200);\n\t\t\t\t});\n\t\t\t});\n\t\t\tfunction toggleBounce() {\n\t\t\t  if (marker_map_69f8629fa0ae2.getAnimation() != null) {\n\t\t\t\tmarker_map_69f8629fa0ae2.setAnimation(null);\n\t\t\t  } else {\n\t\t\t\tmarker_map_69f8629fa0ae2.setAnimation(google.maps.Animation.BOUNCE);\n\t\t\t  }\n\t\t\t}\n\t\t\t})(jQuery);\n\t\t\t<\/script>[\/vc_column][\/vc_row]<!--more--><\/p>\n<\/div>","protected":false},"excerpt":{"rendered":"<p>[vc_row full_width=&#8221;1&#8243; color_scheme=&#8221;light&#8221; parallax=&#8221;1&#8243; css_outer=&#8221;.vc_custom_1489341225142{background-image: url(https:\/\/www.alimentacionselecta.com\/wp-content\/uploads\/2015\/08\/parallax-alimentacion-selecta.jpg?id=664) !important;}&#8221;][vc_column width=&#8221;1\/3&#8243;][vc_column_text] BOUTIQUE EN LIGNE DE CONSERVES. LIVRAISON GRATUITE D\u00c8S 60\u20ac de commande pour toute destination dans la p\u00e9ninsule espagnole. SERVICE 24h INCLUS. [\/vc_column_text][\/vc_column][vc_column width=&#8221;2\/3&#8243;][\/vc_column][\/vc_row][vc_row][vc_column][vc_column_text] Bienvenue sur le nouveau&#8230;<\/p>\n","protected":false},"author":1,"featured_media":0,"parent":0,"menu_order":0,"comment_status":"open","ping_status":"open","template":"","meta":{"footnotes":""},"class_list":["post-3322","page","type-page","status-publish","hentry"],"_links":{"self":[{"href":"https:\/\/www.alimentacionselecta.com\/fr\/wp-json\/wp\/v2\/pages\/3322","targetHints":{"allow":["GET"]}}],"collection":[{"href":"https:\/\/www.alimentacionselecta.com\/fr\/wp-json\/wp\/v2\/pages"}],"about":[{"href":"https:\/\/www.alimentacionselecta.com\/fr\/wp-json\/wp\/v2\/types\/page"}],"author":[{"embeddable":true,"href":"https:\/\/www.alimentacionselecta.com\/fr\/wp-json\/wp\/v2\/users\/1"}],"replies":[{"embeddable":true,"href":"https:\/\/www.alimentacionselecta.com\/fr\/wp-json\/wp\/v2\/comments?post=3322"}],"version-history":[{"count":4,"href":"https:\/\/www.alimentacionselecta.com\/fr\/wp-json\/wp\/v2\/pages\/3322\/revisions"}],"predecessor-version":[{"id":7057,"href":"https:\/\/www.alimentacionselecta.com\/fr\/wp-json\/wp\/v2\/pages\/3322\/revisions\/7057"}],"wp:attachment":[{"href":"https:\/\/www.alimentacionselecta.com\/fr\/wp-json\/wp\/v2\/media?parent=3322"}],"curies":[{"name":"wp","href":"https:\/\/api.w.org\/{rel}","templated":true}]}}