{"id":3299,"date":"2015-05-17T15:27:51","date_gmt":"2015-05-17T15:27:51","guid":{"rendered":"https:\/\/www.alimentacionselecta.com\/inicio-alimentacion-selecta\/"},"modified":"2026-02-19T19:41:42","modified_gmt":"2026-02-19T17:41:42","slug":"inicio-alimentacion-selecta","status":"publish","type":"page","link":"https:\/\/www.alimentacionselecta.com\/fr\/","title":{"rendered":"Accueil &#8211; Alimentaci\u00f3n Selecta"},"content":{"rendered":"<div class=\"wpb-content-wrapper\"><p>[vc_row][vc_column width=&#8221;1\/3&#8243;]<div class=\"ult-ih-container ult-adjust-bottom-margin  \" >\t<ul class=\"ult-ih-list \"  data-shape=\"square\"  data-width=\"250\"  data-height=\"250\"  style=\"text-align:center; \"><li id=\"ult-ih-list-item-1778\" class=\"ult-ih-list-item\" style=\"height: 250px; width: 250px;  margin: 15px\"><a class=\"ult-ih-link\" href=\"https:\/\/alimentacionselecta.com\/producto\/anchoas-de-santona-mediano\/\" title=\"Anchoas de Santo\u00f1a\"  ><div style=\"height: 250px; width: 250px; \" class=\"ult-ih-item ult-ih-effect1    ult-ih-top_to_bottom\"><div class=\"ult-ih-image-block\" style=\"height: 250px; width: 250px; \">\t<div class=\"ult-ih-wrapper\" style=\"border-style: solid; border-color: rgba(255,255,255,0.2); border-width: 20px;\"><\/div>\t<img decoding=\"async\" class=\"ult-ih-image\" src=\"https:\/\/www.alimentacionselecta.com\/wp-content\/uploads\/2015\/05\/anchoa-inicio.jpg\" alt=\"Anchoas\"><\/div><div class=\"ult-ih-info\" >\t<div class=\"ult-ih-info-back\" style=\"background-color: #6bb7c6; \">\t<div class=\"ult-ih-content\">\t\t\t<div class=\"ult-ih-heading-block\" style=\"\">\t\t\t\t<h3 class=\"ult-ih-heading ult-responsive\" style=\"color:#ffffff;\"  data-ultimate-target='#ult-ih-list-item-1778 .ult-ih-heading'  data-responsive-json-new='{\"font-size\":\"desktop:22px;\",\"line-height\":\"desktop:28px;\"}' >Anchois de Santo\u00f1a - Moyen<\/h3>\t\t\t<\/div>\t\t\t<div class=\"ult-ih-divider-block\" style=\"height:2px;\">\t\t\t\t<span class=\"ult-ih-line\" style=\"border-style:solid;border-color:rgba(255,255,255,0.75);width:100px;border-width:2px;\"><\/span>\t\t\t<\/div>\t\t\t<div class=\"ult-ih-description-block\" style=\"\">\t\t\t\t<div class=\"ult-ih-description ult-responsive\" style=\"color:#ffffff;\"  data-ultimate-target='#ult-ih-list-item-1778 .ult-ih-description, #ult-ih-list-item-1778 .ult-ih-description p'  data-responsive-json-new='{\"font-size\":\"desktop:12px;\",\"line-height\":\"desktop:18px;\"}' ><p>Anchois de Santo\u00f1a, bocal de 165 g, avec \u00ab Qualit\u00e9 garantie \u00bb, \u00ab propret\u00e9 maximale et pas une seule ar\u00eate \u00bb.<\/p>\n\t\t\t\t<\/div>\t\t\t<\/div>\t<\/div>\t<\/div><\/div><\/div><\/a><\/li><li id=\"ult-ih-list-item-5330\" class=\"ult-ih-list-item\" style=\"height: 250px; width: 250px;  margin: 15px\"><a class=\"ult-ih-link\" href=\"https:\/\/alimentacionselecta.com\/producto\/sardinillas-en-aceite-de-oliva\/\" title=\"Sardinillas en Aceite de Oliva\"  ><div style=\"height: 250px; width: 250px; \" class=\"ult-ih-item ult-ih-effect1    ult-ih-top_to_bottom\"><div class=\"ult-ih-image-block\" style=\"height: 250px; width: 250px; \">\t<div class=\"ult-ih-wrapper\" style=\"border-style: solid; border-color: rgba(255,255,255,0.2); border-width: 20px;\"><\/div>\t<img decoding=\"async\" class=\"ult-ih-image\" src=\"https:\/\/www.alimentacionselecta.com\/wp-content\/uploads\/2015\/05\/sardinillas-inicio.jpg\" alt=\"Sardinillas\"><\/div><div class=\"ult-ih-info\" >\t<div class=\"ult-ih-info-back\" style=\"background-color: #e7bc5a; \">\t<div class=\"ult-ih-content\">\t\t\t<div class=\"ult-ih-heading-block\" style=\"\">\t\t\t\t<h3 class=\"ult-ih-heading ult-responsive\" style=\"color:#ffffff;\"  data-ultimate-target='#ult-ih-list-item-5330 .ult-ih-heading'  data-responsive-json-new='{\"font-size\":\"desktop:22px;\",\"line-height\":\"desktop:28px;\"}' >Sardinelles \u00e0 l\u2019huile d\u2019olive<\/h3>\t\t\t<\/div>\t\t\t<div class=\"ult-ih-divider-block\" style=\"height:2px;\">\t\t\t\t<span class=\"ult-ih-line\" style=\"border-style:solid;border-color:rgba(255,255,255,0.75);width:100px;border-width:2px;\"><\/span>\t\t\t<\/div>\t\t\t<div class=\"ult-ih-description-block\" style=\"\">\t\t\t\t<div class=\"ult-ih-description ult-responsive\" style=\"color:#ffffff;\"  data-ultimate-target='#ult-ih-list-item-5330 .ult-ih-description, #ult-ih-list-item-5330 .ult-ih-description p'  data-responsive-json-new='{\"font-size\":\"desktop:12px;\",\"line-height\":\"desktop:18px;\"}' ><p><span id=\"producto_ctl02_lbl_descripcion_producto_1\">Sardinelles. Galiciennes et \u00e0 l\u2019huile d\u2019olive. 265 g net.<br \/>\nSardinelles au format 50\/60 pi\u00e8ces par bo\u00eete, s\u00e9lectionn\u00e9es une \u00e0 une \u00e0 la main et nettoy\u00e9es jusqu\u2019\u00e0 les laisser brillantes comme l\u2019argent.<\/span><\/p>\n\t\t\t\t<\/div>\t\t\t<\/div>\t<\/div>\t<\/div><\/div><\/div><\/a><\/li><li id=\"ult-ih-list-item-1459\" class=\"ult-ih-list-item\" style=\"height: 250px; width: 250px;  margin: 15px\"><a class=\"ult-ih-link\" href=\"https:\/\/alimentacionselecta.com\/producto\/sobaos-pasiegos\/\" title=\"Sobaos Pasiegos\"  ><div style=\"height: 250px; width: 250px; \" class=\"ult-ih-item ult-ih-effect1    ult-ih-top_to_bottom\"><div class=\"ult-ih-image-block\" style=\"height: 250px; width: 250px; \">\t<div class=\"ult-ih-wrapper\" style=\"border-style: solid; border-color: rgba(255,255,255,0.2); border-width: 20px;\"><\/div>\t<img decoding=\"async\" class=\"ult-ih-image\" src=\"https:\/\/www.alimentacionselecta.com\/wp-content\/uploads\/2015\/05\/sobaos-inicio.jpg\" alt=\"Sobaos Pasiegos\"><\/div><div class=\"ult-ih-info\" >\t<div class=\"ult-ih-info-back\" style=\"background-color: #6bb7c6; \">\t<div class=\"ult-ih-content\">\t\t\t<div class=\"ult-ih-heading-block\" style=\"\">\t\t\t\t<h3 class=\"ult-ih-heading ult-responsive\" style=\"color:#ffffff;\"  data-ultimate-target='#ult-ih-list-item-1459 .ult-ih-heading'  data-responsive-json-new='{\"font-size\":\"desktop:22px;\",\"line-height\":\"desktop:28px;\"}' >Sobaos pasiegos<\/h3>\t\t\t<\/div>\t\t\t<div class=\"ult-ih-divider-block\" style=\"height:2px;\">\t\t\t\t<span class=\"ult-ih-line\" style=\"border-style:solid;border-color:rgba(255,255,255,0.75);width:100px;border-width:2px;\"><\/span>\t\t\t<\/div>\t\t\t<div class=\"ult-ih-description-block\" style=\"\">\t\t\t\t<div class=\"ult-ih-description ult-responsive\" style=\"color:#ffffff;\"  data-ultimate-target='#ult-ih-list-item-1459 .ult-ih-description, #ult-ih-list-item-1459 .ult-ih-description p'  data-responsive-json-new='{\"font-size\":\"desktop:12px;\",\"line-height\":\"desktop:18px;\"}' ><p><span id=\"producto_ctl02_lbl_descripcion_producto_1\">Sobaos pasiegos Josel\u00edn. 6 sobaos au beurre, du plus pur style pasiego.<br \/>\n<\/span><\/p>\n\t\t\t\t<\/div>\t\t\t<\/div>\t<\/div>\t<\/div><\/div><\/div><\/a><\/li>\t<\/ul><\/div>[\/vc_column][vc_column width=&#8221;1\/3&#8243; css=&#8221;.vc_custom_1432234932402{margin-right: 0px !important;margin-left: -10px !important;}&#8221;]<div class=\"ult-ih-container ult-adjust-bottom-margin  \" >\t<ul class=\"ult-ih-list \"  data-shape=\"square\"  data-width=\"250\"  data-height=\"250\"  style=\"text-align:center; \"><li id=\"ult-ih-list-item-6290\" class=\"ult-ih-list-item\" style=\"height: 250px; width: 250px;  margin: 15px\"><a class=\"ult-ih-link\" href=\"https:\/\/alimentacionselecta.com\/producto\/bonito\/\" title=\"Bonito del Norte\"  ><div style=\"height: 250px; width: 250px; \" class=\"ult-ih-item ult-ih-effect1    ult-ih-top_to_bottom\"><div class=\"ult-ih-image-block\" style=\"height: 250px; width: 250px; \">\t<div class=\"ult-ih-wrapper\" style=\"border-style: solid; border-color: rgba(255,255,255,0.2); border-width: 20px;\"><\/div>\t<img decoding=\"async\" class=\"ult-ih-image\" src=\"https:\/\/www.alimentacionselecta.com\/wp-content\/uploads\/2015\/05\/bonito-inicio.jpg\" alt=\"image\"><\/div><div class=\"ult-ih-info\" >\t<div class=\"ult-ih-info-back\" style=\"background-color: #e7bc5a; \">\t<div class=\"ult-ih-content\">\t\t\t<div class=\"ult-ih-heading-block\" style=\"\">\t\t\t\t<h3 class=\"ult-ih-heading ult-responsive\" style=\"color:#ffffff;\"  data-ultimate-target='#ult-ih-list-item-6290 .ult-ih-heading'  data-responsive-json-new='{\"font-size\":\"desktop:22px;\",\"line-height\":\"desktop:28px;\"}' >Bonito del Norte<\/h3>\t\t\t<\/div>\t\t\t<div class=\"ult-ih-divider-block\" style=\"height:2px;\">\t\t\t\t<span class=\"ult-ih-line\" style=\"border-style:solid;border-color:rgba(255,255,255,0.75);width:100px;border-width:2px;\"><\/span>\t\t\t<\/div>\t\t\t<div class=\"ult-ih-description-block\" style=\"\">\t\t\t\t<div class=\"ult-ih-description ult-responsive\" style=\"color:#ffffff;\"  data-ultimate-target='#ult-ih-list-item-6290 .ult-ih-description, #ult-ih-list-item-6290 .ult-ih-description p'  data-responsive-json-new='{\"font-size\":\"desktop:12px;\",\"line-height\":\"desktop:18px;\"}' ><p><span id=\"producto_ctl02_lbl_descripcion_producto_1\">Bonito del Norte. 330 g net. Livraison offerte d\u00e8s seulement 60 \u20ac d\u2019achat total sur l\u2019ensemble des produits de notre site. Exp\u00e9ditions en 24 h dans toute l\u2019Espagne. <\/span><\/p>\n\t\t\t\t<\/div>\t\t\t<\/div>\t<\/div>\t<\/div><\/div><\/div><\/a><\/li><li id=\"ult-ih-list-item-6923\" class=\"ult-ih-list-item\" style=\"height: 250px; width: 250px;  margin: 15px\"><a class=\"ult-ih-link\" href=\"https:\/\/alimentacionselecta.com\/producto\/berberechos-gourmet\/\" title=\"Berberechos Gourmet\"  ><div style=\"height: 250px; width: 250px; \" class=\"ult-ih-item ult-ih-effect1    ult-ih-top_to_bottom\"><div class=\"ult-ih-image-block\" style=\"height: 250px; width: 250px; \">\t<div class=\"ult-ih-wrapper\" style=\"border-style: solid; border-color: rgba(255,255,255,0.2); border-width: 20px;\"><\/div>\t<img decoding=\"async\" class=\"ult-ih-image\" src=\"https:\/\/www.alimentacionselecta.com\/wp-content\/uploads\/2015\/05\/berberechos-inicio.jpg\" alt=\"image\"><\/div><div class=\"ult-ih-info\" >\t<div class=\"ult-ih-info-back\" style=\"background-color: #6bb7c6; \">\t<div class=\"ult-ih-content\">\t\t\t<div class=\"ult-ih-heading-block\" style=\"\">\t\t\t\t<h3 class=\"ult-ih-heading ult-responsive\" style=\"color:#ffffff;\"  data-ultimate-target='#ult-ih-list-item-6923 .ult-ih-heading'  data-responsive-json-new='{\"font-size\":\"desktop:22px;\",\"line-height\":\"desktop:28px;\"}' >Coques gourmet<\/h3>\t\t\t<\/div>\t\t\t<div class=\"ult-ih-divider-block\" style=\"height:2px;\">\t\t\t\t<span class=\"ult-ih-line\" style=\"border-style:solid;border-color:rgba(255,255,255,0.75);width:100px;border-width:2px;\"><\/span>\t\t\t<\/div>\t\t\t<div class=\"ult-ih-description-block\" style=\"\">\t\t\t\t<div class=\"ult-ih-description ult-responsive\" style=\"color:#ffffff;\"  data-ultimate-target='#ult-ih-list-item-6923 .ult-ih-description, #ult-ih-list-item-6923 .ult-ih-description p'  data-responsive-json-new='{\"font-size\":\"desktop:12px;\",\"line-height\":\"desktop:18px;\"}' ><p><span id=\"producto_ctl02_lbl_descripcion_producto_1\">Coques gourmet. N\u00e9es dans les r\u00edas galiciennes, calibre 20\/25 pi\u00e8ces par bo\u00eete de 120 g net.<br \/>\n<\/span><\/p>\n\t\t\t\t<\/div>\t\t\t<\/div>\t<\/div>\t<\/div><\/div><\/div><\/a><\/li><li id=\"ult-ih-list-item-1536\" class=\"ult-ih-list-item\" style=\"height: 250px; width: 250px;  margin: 15px\"><a class=\"ult-ih-link\" href=\"https:\/\/alimentacionselecta.com\/producto\/navajas-al-natural\/\" title=\"Navajas al Natural\"  ><div style=\"height: 250px; width: 250px; \" class=\"ult-ih-item ult-ih-effect1    ult-ih-top_to_bottom\"><div class=\"ult-ih-image-block\" style=\"height: 250px; width: 250px; \">\t<div class=\"ult-ih-wrapper\" style=\"border-style: solid; border-color: rgba(255,255,255,0.2); border-width: 20px;\"><\/div>\t<img decoding=\"async\" class=\"ult-ih-image\" src=\"https:\/\/www.alimentacionselecta.com\/wp-content\/uploads\/2015\/05\/navajas-inicio.jpg\" alt=\"Navajas\"><\/div><div class=\"ult-ih-info\" >\t<div class=\"ult-ih-info-back\" style=\"background-color: #e7bc5a; \">\t<div class=\"ult-ih-content\">\t\t\t<div class=\"ult-ih-heading-block\" style=\"\">\t\t\t\t<h3 class=\"ult-ih-heading ult-responsive\" style=\"color:#ffffff;\"  data-ultimate-target='#ult-ih-list-item-1536 .ult-ih-heading'  data-responsive-json-new='{\"font-size\":\"desktop:22px;\",\"line-height\":\"desktop:28px;\"}' >Couteaux au naturel<\/h3>\t\t\t<\/div>\t\t\t<div class=\"ult-ih-divider-block\" style=\"height:2px;\">\t\t\t\t<span class=\"ult-ih-line\" style=\"border-style:solid;border-color:rgba(255,255,255,0.75);width:100px;border-width:2px;\"><\/span>\t\t\t<\/div>\t\t\t<div class=\"ult-ih-description-block\" style=\"\">\t\t\t\t<div class=\"ult-ih-description ult-responsive\" style=\"color:#ffffff;\"  data-ultimate-target='#ult-ih-list-item-1536 .ult-ih-description, #ult-ih-list-item-1536 .ult-ih-description p'  data-responsive-json-new='{\"font-size\":\"desktop:12px;\",\"line-height\":\"desktop:18px;\"}' ><p><span id=\"producto_ctl02_lbl_descripcion_producto_1\">Couteaux. Au naturel. Des couteaux en conserve des r\u00edas galiciennes \u00e0 port\u00e9e de main. Livraison offerte d\u00e8s seulement 60 \u20ac d\u2019achat total sur notre site et exp\u00e9dition en seulement 24 h jusqu\u2019\u00e0 votre domicile.<\/span><\/p>\n\t\t\t\t<\/div>\t\t\t<\/div>\t<\/div>\t<\/div><\/div><\/div><\/a><\/li>\t<\/ul><\/div>[\/vc_column][vc_column width=&#8221;1\/3&#8243; css=&#8221;.vc_custom_1432234869619{margin-left: 0px !important;}&#8221;]<div class=\"ult-ih-container ult-adjust-bottom-margin  \" >\t<ul class=\"ult-ih-list \"  data-shape=\"square\"  data-width=\"250\"  data-height=\"250\"  style=\"text-align:center; \"><li id=\"ult-ih-list-item-6598\" class=\"ult-ih-list-item\" style=\"height: 250px; width: 250px;  margin: 15px\"><a class=\"ult-ih-link\" href=\"https:\/\/alimentacionselecta.com\/producto\/almejas-al-natural\/\" title=\"Almejas al Natural\"  ><div style=\"height: 250px; width: 250px; \" class=\"ult-ih-item ult-ih-effect1    ult-ih-top_to_bottom\"><div class=\"ult-ih-image-block\" style=\"height: 250px; width: 250px; \">\t<div class=\"ult-ih-wrapper\" style=\"border-style: solid; border-color: rgba(255,255,255,0.2); border-width: 20px;\"><\/div>\t<img decoding=\"async\" class=\"ult-ih-image\" src=\"https:\/\/www.alimentacionselecta.com\/wp-content\/uploads\/2015\/05\/almejas-inicio.jpg\" alt=\"Almejas\"><\/div><div class=\"ult-ih-info\" >\t<div class=\"ult-ih-info-back\" style=\"background-color: #6bb7c6; \">\t<div class=\"ult-ih-content\">\t\t\t<div class=\"ult-ih-heading-block\" style=\"\">\t\t\t\t<h3 class=\"ult-ih-heading ult-responsive\" style=\"color:#ffffff;\"  data-ultimate-target='#ult-ih-list-item-6598 .ult-ih-heading'  data-responsive-json-new='{\"font-size\":\"desktop:22px;\",\"line-height\":\"desktop:28px;\"}' >Palourdes au naturel<\/h3>\t\t\t<\/div>\t\t\t<div class=\"ult-ih-divider-block\" style=\"height:2px;\">\t\t\t\t<span class=\"ult-ih-line\" style=\"border-style:solid;border-color:rgba(255,255,255,0.75);width:100px;border-width:2px;\"><\/span>\t\t\t<\/div>\t\t\t<div class=\"ult-ih-description-block\" style=\"\">\t\t\t\t<div class=\"ult-ih-description ult-responsive\" style=\"color:#ffffff;\"  data-ultimate-target='#ult-ih-list-item-6598 .ult-ih-description, #ult-ih-list-item-6598 .ult-ih-description p'  data-responsive-json-new='{\"font-size\":\"desktop:12px;\",\"line-height\":\"desktop:18px;\"}' ><p><span id=\"producto_ctl02_lbl_descripcion_producto_1\">Palourdes. Blanches et galiciennes. Palourdes au naturel avec livraison offerte d\u00e8s seulement 60 \u20ac d\u2019achat total sur notre site et exp\u00e9ditions en 24 h dans toute l\u2019Espagne.<br \/>\nPalourdes au naturel en bo\u00eete de 14\/16 pi\u00e8ces et 115 g net.<\/span><\/p>\n\t\t\t\t<\/div>\t\t\t<\/div>\t<\/div>\t<\/div><\/div><\/div><\/a><\/li><li id=\"ult-ih-list-item-2151\" class=\"ult-ih-list-item\" style=\"height: 250px; width: 250px;  margin: 15px\"><a class=\"ult-ih-link\" href=\"https:\/\/alimentacionselecta.com\/producto\/mejillones-en-salsa\/\" title=\"Mejillones en Salsa\"  ><div style=\"height: 250px; width: 250px; \" class=\"ult-ih-item ult-ih-effect1    ult-ih-top_to_bottom\"><div class=\"ult-ih-image-block\" style=\"height: 250px; width: 250px; \">\t<div class=\"ult-ih-wrapper\" style=\"border-style: solid; border-color: rgba(255,255,255,0.2); border-width: 20px;\"><\/div>\t<img decoding=\"async\" class=\"ult-ih-image\" src=\"https:\/\/www.alimentacionselecta.com\/wp-content\/uploads\/2015\/05\/mejillones-inicio.jpg\" alt=\"Mejillones\"><\/div><div class=\"ult-ih-info\" >\t<div class=\"ult-ih-info-back\" style=\"background-color: #e7bc5a; \">\t<div class=\"ult-ih-content\">\t\t\t<div class=\"ult-ih-heading-block\" style=\"\">\t\t\t\t<h3 class=\"ult-ih-heading ult-responsive\" style=\"color:#ffffff;\"  data-ultimate-target='#ult-ih-list-item-2151 .ult-ih-heading'  data-responsive-json-new='{\"font-size\":\"desktop:22px;\",\"line-height\":\"desktop:28px;\"}' >Moules en sauce<\/h3>\t\t\t<\/div>\t\t\t<div class=\"ult-ih-divider-block\" style=\"height:2px;\">\t\t\t\t<span class=\"ult-ih-line\" style=\"border-style:solid;border-color:rgba(255,255,255,0.75);width:100px;border-width:2px;\"><\/span>\t\t\t<\/div>\t\t\t<div class=\"ult-ih-description-block\" style=\"\">\t\t\t\t<div class=\"ult-ih-description ult-responsive\" style=\"color:#ffffff;\"  data-ultimate-target='#ult-ih-list-item-2151 .ult-ih-description, #ult-ih-list-item-2151 .ult-ih-description p'  data-responsive-json-new='{\"font-size\":\"desktop:12px;\",\"line-height\":\"desktop:18px;\"}' ><p><span id=\"producto_ctl02_lbl_descripcion_producto_1\">Moules en escab\u00e8che. Livraison offerte d\u00e8s 60 \u20ac d\u2019achat total sur notre site, exp\u00e9di\u00e9es dans toute l\u2019Espagne en seulement 24 h.<br \/>\n<\/span><\/p>\n\t\t\t\t<\/div>\t\t\t<\/div>\t<\/div>\t<\/div><\/div><\/div><\/a><\/li><li id=\"ult-ih-list-item-2120\" class=\"ult-ih-list-item\" style=\"height: 250px; width: 250px;  margin: 15px\"><a class=\"ult-ih-link\" href=\"https:\/\/alimentacionselecta.com\/producto\/albarino-torre-la-moreira\/\" title=\"Vino Albari\u00f1o\"  ><div style=\"height: 250px; width: 250px; \" class=\"ult-ih-item ult-ih-effect1    ult-ih-top_to_bottom\"><div class=\"ult-ih-image-block\" style=\"height: 250px; width: 250px; \">\t<div class=\"ult-ih-wrapper\" style=\"border-style: solid; border-color: rgba(255,255,255,0.2); border-width: 20px;\"><\/div>\t<img decoding=\"async\" class=\"ult-ih-image\" src=\"https:\/\/www.alimentacionselecta.com\/wp-content\/uploads\/2015\/05\/albarino-inicio.jpg\" alt=\"image\"><\/div><div class=\"ult-ih-info\" >\t<div class=\"ult-ih-info-back\" style=\"background-color: #6bb7c6; \">\t<div class=\"ult-ih-content\">\t\t\t<div class=\"ult-ih-heading-block\" style=\"\">\t\t\t\t<h3 class=\"ult-ih-heading ult-responsive\" style=\"color:#ffffff;\"  data-ultimate-target='#ult-ih-list-item-2120 .ult-ih-heading'  data-responsive-json-new='{\"font-size\":\"desktop:22px;\",\"line-height\":\"desktop:28px;\"}' >Albari\u00f1o - Torre La Moreira<\/h3>\t\t\t<\/div>\t\t\t<div class=\"ult-ih-divider-block\" style=\"height:2px;\">\t\t\t\t<span class=\"ult-ih-line\" style=\"border-style:solid;border-color:rgba(255,255,255,0.75);width:100px;border-width:2px;\"><\/span>\t\t\t<\/div>\t\t\t<div class=\"ult-ih-description-block\" style=\"\">\t\t\t\t<div class=\"ult-ih-description ult-responsive\" style=\"color:#ffffff;\"  data-ultimate-target='#ult-ih-list-item-2120 .ult-ih-description, #ult-ih-list-item-2120 .ult-ih-description p'  data-responsive-json-new='{\"font-size\":\"desktop:12px;\",\"line-height\":\"desktop:18px;\"}' ><p><span id=\"producto_ctl02_lbl_descripcion_producto_1\">TORRE LA MOREIRA ALBARI\u00d1O. Livraison offerte d\u00e8s 60 \u20ac d\u2019achat total sur notre site et exp\u00e9ditions en 24 h dans toute l\u2019Espagne.<br \/>\n<\/span><\/p>\n\t\t\t\t<\/div>\t\t\t<\/div>\t<\/div>\t<\/div><\/div><\/div><\/a><\/li>\t<\/ul><\/div>[\/vc_column][\/vc_row][vc_row css=&#8221;.vc_custom_1439830108431{margin-top: 0px !important;margin-bottom: 30px !important;}&#8221;][vc_column][vc_separator type=&#8221;dashed&#8221;][\/vc_column][\/vc_row][vc_row full_width=&#8221;0&#8243; parallax_content=&#8221;parallax_content_value&#8221; font_color=&#8221;#ffffff&#8221; css=&#8221;.vc_custom_1610019088341{padding-top: 0px !important;padding-right: 0px !important;padding-bottom: 0px !important;padding-left: 0px !important;background-image: url(https:\/\/www.alimentacionselecta.com\/wp-content\/uploads\/2015\/05\/quienes-somos-parallax.jpg?id=709) !important;}&#8221;][vc_column][vc_column_text]<\/p>\n<h2 style=\"text-align: justify; font-size: 22px !important; color: #000; text-transform: none; font-family: 'Marck Script',cursive; width: 95% !important;\"><strong>Alimentacion Selecta<\/strong> est une <strong>boutique en ligne de conserves<\/strong> sp\u00e9cialis\u00e9e dans des<strong> Produits Gourmet ou Produits Delicatessen 100% artisanaux<\/strong>. Ici vous pourrez trouver une grande vari\u00e9t\u00e9 d\u2019aliments s\u00e9lectionn\u00e9s ainsi qu\u2019une s\u00e9lection vari\u00e9e de vins et liqueurs nationaux o\u00f9, pour chaque commande, le plus important, c\u2019est vous. Dans notre boutique en ligne de conserves gourmet, nous vous garantissons la qualit\u00e9 de tous nos produits. Parole&nbsp;!<\/h2>\n<p><a class=\"button filled\" style=\"display: block !important; width: 95% !important;\" href=\"https:\/\/www.alimentacionselecta.com\/fr\/boutique\/\">Aller \u00e0 la boutique<\/a>[\/vc_column_text][\/vc_column][\/vc_row][vc_row css=&#8221;.vc_custom_1439830108431{margin-top: 0px !important;margin-bottom: 30px !important;}&#8221;][vc_column][vc_separator type=&#8221;dashed&#8221;][\/vc_column][\/vc_row]<!--more--><\/p>\n<\/div>","protected":false},"excerpt":{"rendered":"<p>[vc_row][vc_column width=&#8221;1\/3&#8243;][\/vc_column][vc_column width=&#8221;1\/3&#8243; css=&#8221;.vc_custom_1432234932402{margin-right: 0px !important;margin-left: -10px !important;}&#8221;][\/vc_column][vc_column width=&#8221;1\/3&#8243; css=&#8221;.vc_custom_1432234869619{margin-left: 0px !important;}&#8221;][\/vc_column][\/vc_row][vc_row css=&#8221;.vc_custom_1439830108431{margin-top: 0px !important;margin-bottom: 30px !important;}&#8221;][vc_column][vc_separator type=&#8221;dashed&#8221;][\/vc_column][\/vc_row][vc_row full_width=&#8221;0&#8243; parallax_content=&#8221;parallax_content_value&#8221; font_color=&#8221;#ffffff&#8221; css=&#8221;.vc_custom_1610019088341{padding-top: 0px !important;padding-right: 0px !important;padding-bottom: 0px !important;padding-left: 0px !important;background-image: url(https:\/\/www.alimentacionselecta.com\/wp-content\/uploads\/2015\/05\/quienes-somos-parallax.jpg?id=709) !important;}&#8221;][vc_column][vc_column_text] Alimentacion Selecta est&#8230;<\/p>\n","protected":false},"author":1,"featured_media":0,"parent":0,"menu_order":0,"comment_status":"open","ping_status":"open","template":"","meta":{"footnotes":""},"class_list":["post-3299","page","type-page","status-publish","hentry"],"_links":{"self":[{"href":"https:\/\/www.alimentacionselecta.com\/fr\/wp-json\/wp\/v2\/pages\/3299","targetHints":{"allow":["GET"]}}],"collection":[{"href":"https:\/\/www.alimentacionselecta.com\/fr\/wp-json\/wp\/v2\/pages"}],"about":[{"href":"https:\/\/www.alimentacionselecta.com\/fr\/wp-json\/wp\/v2\/types\/page"}],"author":[{"embeddable":true,"href":"https:\/\/www.alimentacionselecta.com\/fr\/wp-json\/wp\/v2\/users\/1"}],"replies":[{"embeddable":true,"href":"https:\/\/www.alimentacionselecta.com\/fr\/wp-json\/wp\/v2\/comments?post=3299"}],"version-history":[{"count":4,"href":"https:\/\/www.alimentacionselecta.com\/fr\/wp-json\/wp\/v2\/pages\/3299\/revisions"}],"predecessor-version":[{"id":7051,"href":"https:\/\/www.alimentacionselecta.com\/fr\/wp-json\/wp\/v2\/pages\/3299\/revisions\/7051"}],"wp:attachment":[{"href":"https:\/\/www.alimentacionselecta.com\/fr\/wp-json\/wp\/v2\/media?parent=3299"}],"curies":[{"name":"wp","href":"https:\/\/api.w.org\/{rel}","templated":true}]}}